{"id":51,"date":"2024-06-06T11:08:15","date_gmt":"2024-06-06T09:08:15","guid":{"rendered":"http:\/\/dein-ghost.de\/?page_id=51"},"modified":"2024-06-06T11:08:15","modified_gmt":"2024-06-06T09:08:15","slug":"impressum","status":"publish","type":"page","link":"https:\/\/dein-ghost.de\/index.php\/impressum\/","title":{"rendered":"Impressum"},"content":{"rendered":"\n<p>Impressum<\/p>\n\n\n\n<p>Angaben gem\u00e4\u00df \u00a7 5 TMG:<\/p>\n\n\n\n<p>Susanne Hebel<br>Buschstra\u00dfe 7<br>58099 Hagen<\/p>\n\n\n\n<p>Kontakt:<br>Telefon: 0176\/85635778<br>E-Mail: susanne.hebel@gmx.net<\/p>\n\n\n\n<p>Verantwortlich f\u00fcr den Inhalt nach \u00a7 55 Abs. 2 RStV:<\/p>\n\n\n\n<p>Susanne Hebel<br>Buschstra\u00dfe 7<br>58099 Hagen<\/p>\n\n\n\n<p>Keine Eintragungen in Register:<br>Es bestehen keine Eintragungen in \u00f6ffentlichen Registern wie dem Handelsregister.<\/p>\n\n\n\n<p>Umsatzsteuer-Identifikationsnummer gem\u00e4\u00df \u00a7 27a Umsatzsteuergesetz:<br>Von der Umsatzsteuer gem. \u00a7 27a Umsatzsteuergesetz befreit.<\/p>\n\n\n\n<p>Haftungsausschluss (Disclaimer):<\/p>\n\n\n\n<p>Haftung f\u00fcr Inhalte:<br>Als Diensteanbieter sind wir gem\u00e4\u00df \u00a7 7 Abs.1 TMG f\u00fcr eigene Inhalte auf diesen Seiten nach den allgemeinen Gesetzen verantwortlich. Nach \u00a7\u00a7 8 bis 10 TMG sind wir als Diensteanbieter jedoch nicht verpflichtet, \u00fcbermittelte oder gespeicherte fremde Informationen zu \u00fcberwachen oder nach Umst\u00e4nden zu forschen, die auf eine rechtswidrige T\u00e4tigkeit hinweisen.<\/p>\n\n\n\n<p>Haftung f\u00fcr Links:<br>Unser Angebot enth\u00e4lt Links zu externen Webseiten Dritter, auf deren Inhalte wir keinen Einfluss haben. Deshalb k\u00f6nnen wir f\u00fcr diese fremden Inhalte auch keine Gew\u00e4hr \u00fcbernehmen. F\u00fcr die Inhalte der verlinkten Seiten ist stets der jeweilige Anbieter oder Betreiber der Seiten verantwortlich.<\/p>\n\n\n\n<p>Streitschlichtung:<br>Die Europ\u00e4ische Kommission stellt eine Plattform zur Online-Streitbeilegung (OS) bereit. Unsere E-Mail-Adresse finden Sie oben im Impressum.<\/p>\n\n\n\n<p>Urheberrecht:<br>Die durch die Seitenbetreiber erstellten Inhalte und Werke auf diesen Seiten unterliegen dem deutschen Urheberrecht. Beitr\u00e4ge Dritter sind als solche gekennzeichnet. Die Vervielf\u00e4ltigung, Bearbeitung, Verbreitung und jede Art der Verwertung au\u00dferhalb der Grenzen des Urheberrechtes bed\u00fcrfen der schriftlichen Zustimmung des jeweiligen Autors bzw. Erstellers.<\/p>\n","protected":false},"excerpt":{"rendered":"<p>Impressum Angaben gem\u00e4\u00df \u00a7 5 TMG: Susanne HebelBuschstra\u00dfe 758099 Hagen Kontakt:Telefon: 0176\/85635778E-Mail: susanne.hebel@gmx.net Verantwortlich f\u00fcr den Inhalt nach \u00a7 55 Abs. 2 RStV: Susanne HebelBuschstra\u00dfe 758099 Hagen Keine Eintragungen in Register:Es bestehen keine Eintragungen in \u00f6ffentlichen Registern wie dem Handelsregister. Umsatzsteuer-Identifikationsnummer gem\u00e4\u00df \u00a7 27a Umsatzsteuergesetz:Von der Umsatzsteuer gem. \u00a7 27a Umsatzsteuergesetz befreit. Haftungsausschluss (Disclaimer): Haftung &hellip; <\/p>\n<p class=\"link-more\"><a href=\"https:\/\/dein-ghost.de\/index.php\/impressum\/\" class=\"more-link\"><span class=\"screen-reader-text\">\u201eImpressum\u201c<\/span> weiterlesen<\/a><\/p>\n","protected":false},"author":1,"featured_media":0,"parent":0,"menu_order":0,"comment_status":"closed","ping_status":"closed","template":"","meta":{"footnotes":""},"class_list":["post-51","page","type-page","status-publish","hentry"],"_links":{"self":[{"href":"https:\/\/dein-ghost.de\/index.php\/wp-json\/wp\/v2\/pages\/51","targetHints":{"allow":["GET"]}}],"collection":[{"href":"https:\/\/dein-ghost.de\/index.php\/wp-json\/wp\/v2\/pages"}],"about":[{"href":"https:\/\/dein-ghost.de\/index.php\/wp-json\/wp\/v2\/types\/page"}],"author":[{"embeddable":true,"href":"https:\/\/dein-ghost.de\/index.php\/wp-json\/wp\/v2\/users\/1"}],"replies":[{"embeddable":true,"href":"https:\/\/dein-ghost.de\/index.php\/wp-json\/wp\/v2\/comments?post=51"}],"version-history":[{"count":1,"href":"https:\/\/dein-ghost.de\/index.php\/wp-json\/wp\/v2\/pages\/51\/revisions"}],"predecessor-version":[{"id":53,"href":"https:\/\/dein-ghost.de\/index.php\/wp-json\/wp\/v2\/pages\/51\/revisions\/53"}],"wp:attachment":[{"href":"https:\/\/dein-ghost.de\/index.php\/wp-json\/wp\/v2\/media?parent=51"}],"curies":[{"name":"wp","href":"https:\/\/api.w.org\/{rel}","templated":true}]}}