{"id":7,"date":"2024-04-18T13:14:45","date_gmt":"2024-04-18T11:14:45","guid":{"rendered":"http:\/\/dein-ghost.de\/?page_id=7"},"modified":"2024-05-07T08:49:18","modified_gmt":"2024-05-07T06:49:18","slug":"keine-zeit-oder-lust-deine-bachelor-oder-masterarbeit-zu-schreiben-kein-problem-ich-uebernehme-das-gerne-fuer-dich","status":"publish","type":"page","link":"https:\/\/dein-ghost.de\/","title":{"rendered":"Keine Zeit oder Lust, deine Bachelor- oder Masterarbeit zu schreiben? Kein Problem \u2013 ich \u00fcbernehme das gerne f\u00fcr dich!"},"content":{"rendered":"\n<p>Als Germanistin (M. A.) und freiberufliche Lektorin habe ich bereits vielen Studierenden dabei geholfen, erfolgreich ihre Abschlussarbeiten zu gestalten. Bei mir erh\u00e4ltst du das Rundum-sorglos-Paket \u2013 von der Literaturrecherche bis zur fertigen Abgabe!<\/p>\n\n\n\n<p>In meinem Agentur-Team DEIN-GHOST arbeite ich mit einer Vielzahl an Experten aus verschiedenen Fachbereichen zusammen, um dich bei Seminararbeiten, Bachelor- und Masterarbeiten zu unterst\u00fctzen. Unser Ziel ist es, ma\u00dfgeschneiderte und hochwertige Unterst\u00fctzung f\u00fcr deine akademischen Projekte anzubieten.<\/p>\n\n\n\n<p><strong>Und keine Sorge: Diskretion steht bei uns an erster Stelle!<\/strong><\/p>\n","protected":false},"excerpt":{"rendered":"<p>Als Germanistin (M. A.) und freiberufliche Lektorin habe ich bereits vielen Studierenden dabei geholfen, erfolgreich ihre Abschlussarbeiten zu gestalten. Bei mir erh\u00e4ltst du das Rundum-sorglos-Paket \u2013 von der Literaturrecherche bis zur fertigen Abgabe! In meinem Agentur-Team DEIN-GHOST arbeite ich mit einer Vielzahl an Experten aus verschiedenen Fachbereichen zusammen, um dich bei Seminararbeiten, Bachelor- und Masterarbeiten &hellip; <\/p>\n<p class=\"link-more\"><a href=\"https:\/\/dein-ghost.de\/\" class=\"more-link\"><span class=\"screen-reader-text\">\u201eKeine Zeit oder Lust, deine Bachelor- oder Masterarbeit zu schreiben? Kein Problem \u2013 ich \u00fcbernehme das gerne f\u00fcr dich!\u201c<\/span> weiterlesen<\/a><\/p>\n","protected":false},"author":1,"featured_media":0,"parent":0,"menu_order":0,"comment_status":"closed","ping_status":"closed","template":"","meta":{"footnotes":""},"class_list":["post-7","page","type-page","status-publish","hentry"],"_links":{"self":[{"href":"https:\/\/dein-ghost.de\/index.php\/wp-json\/wp\/v2\/pages\/7","targetHints":{"allow":["GET"]}}],"collection":[{"href":"https:\/\/dein-ghost.de\/index.php\/wp-json\/wp\/v2\/pages"}],"about":[{"href":"https:\/\/dein-ghost.de\/index.php\/wp-json\/wp\/v2\/types\/page"}],"author":[{"embeddable":true,"href":"https:\/\/dein-ghost.de\/index.php\/wp-json\/wp\/v2\/users\/1"}],"replies":[{"embeddable":true,"href":"https:\/\/dein-ghost.de\/index.php\/wp-json\/wp\/v2\/comments?post=7"}],"version-history":[{"count":1,"href":"https:\/\/dein-ghost.de\/index.php\/wp-json\/wp\/v2\/pages\/7\/revisions"}],"predecessor-version":[{"id":8,"href":"https:\/\/dein-ghost.de\/index.php\/wp-json\/wp\/v2\/pages\/7\/revisions\/8"}],"wp:attachment":[{"href":"https:\/\/dein-ghost.de\/index.php\/wp-json\/wp\/v2\/media?parent=7"}],"curies":[{"name":"wp","href":"https:\/\/api.w.org\/{rel}","templated":true}]}}